{"id":13,"date":"2021-05-27T18:04:37","date_gmt":"2021-05-27T16:04:37","guid":{"rendered":"http:\/\/dobrze-nadziane.starlingtech.pl\/?page_id=13"},"modified":"2021-07-12T14:13:38","modified_gmt":"2021-07-12T12:13:38","slug":"13-2","status":"publish","type":"page","link":"https:\/\/dobrze-nadziane.starlingtech.pl\/","title":{"rendered":"Strona g\u0142\u00f3wna"},"content":{"rendered":"<p>[et_pb_section fb_built=&#8221;1&#8243; _builder_version=&#8221;4.6.3&#8243; _module_preset=&#8221;default&#8221; custom_padding=&#8221;||1px|||&#8221;][et_pb_row _builder_version=&#8221;4.6.3&#8243; _module_preset=&#8221;default&#8221;][et_pb_column type=&#8221;4_4&#8243; _builder_version=&#8221;4.6.3&#8243; _module_preset=&#8221;default&#8221;][et_pb_text _builder_version=&#8221;4.6.3&#8243; _module_preset=&#8221;default&#8221; text_font=&#8221;Alata||||||||&#8221; text_text_color=&#8221;#000000&#8243; text_font_size=&#8221;17px&#8221; text_orientation=&#8221;center&#8221;]<\/p>\n<p><span>P\u0105czkarnie &#8222;Dobrze nadziane&#8221; &#8211;\u00a0 to miejsce gdzie znajdziesz \u015bwie\u017ce p\u0105czki w r\u00f3\u017cnych smakach oraz napijesz si\u0119 kawy.<\/span><\/p>\n<p>[\/et_pb_text][\/et_pb_column][\/et_pb_row][et_pb_row _builder_version=&#8221;4.6.3&#8243; _module_preset=&#8221;default&#8221; custom_margin=&#8221;70px|auto||auto||&#8221;][et_pb_column type=&#8221;4_4&#8243; _builder_version=&#8221;4.6.3&#8243; _module_preset=&#8221;default&#8221;][et_pb_text _builder_version=&#8221;4.6.3&#8243; _module_preset=&#8221;default&#8221; text_font=&#8221;Alata||||||||&#8221; text_text_color=&#8221;#000000&#8243; text_font_size=&#8221;30px&#8221; text_orientation=&#8221;center&#8221;]<\/p>\n<p>Nasze lokalizacje:<\/p>\n<p>[\/et_pb_text][\/et_pb_column][\/et_pb_row][et_pb_row column_structure=&#8221;1_3,1_3,1_3&#8243; _builder_version=&#8221;4.6.3&#8243; _module_preset=&#8221;default&#8221;][et_pb_column type=&#8221;1_3&#8243; _builder_version=&#8221;4.6.3&#8243; _module_preset=&#8221;default&#8221;][et_pb_blurb title=&#8221;Sosnowiec&#8221; url_new_window=&#8221;on&#8221; image=&#8221;https:\/\/dobrze-nadziane.starlingtech.pl\/wp-content\/uploads\/2021\/05\/SOSNOWIEC-CENTRUMMODRZEJEWSKA-PACZKARNIA-SAMODZIELNA.png&#8221; _builder_version=&#8221;4.9.7&#8243; _module_preset=&#8221;default&#8221; header_font=&#8221;Alata||||||||&#8221; header_text_align=&#8221;center&#8221; header_font_size=&#8221;19px&#8221; link_option_url=&#8221;https:\/\/g.page\/DobrzeNadziane-Sosnowiec?share&#8221; link_option_url_new_window=&#8221;on&#8221;]<\/p>\n<p style=\"text-align: center;\">ul. Modrzejowska 3 (czynne: 6-20)<\/p>\n<p>[\/et_pb_blurb][et_pb_text _builder_version=&#8221;4.9.7&#8243; _module_preset=&#8221;default&#8221; cvdb_content_visibility_check=&#8221;is_user_logged_in()&#8221;]<\/p>\n<p style=\"text-align: center;\">tel: <span class=\"GRkHZd w8qArf\"><span>\u00a0<\/span><\/span><span><span class=\"LrzXr zdqRlf kno-fv\">570 870 084<\/span><\/span><\/p>\n<p>[\/et_pb_text][\/et_pb_column][et_pb_column type=&#8221;1_3&#8243; _builder_version=&#8221;4.6.3&#8243; _module_preset=&#8221;default&#8221;][et_pb_blurb title=&#8221;Sosnowiec &#8221; image=&#8221;https:\/\/dobrze-nadziane.starlingtech.pl\/wp-content\/uploads\/2021\/05\/WARSZAWSKA-SOSNOWIEC-PIEKARNIA.png&#8221; _builder_version=&#8221;4.9.7&#8243; _module_preset=&#8221;default&#8221; header_font=&#8221;Alata||||||||&#8221; header_text_align=&#8221;center&#8221; header_font_size=&#8221;20px&#8221; link_option_url=&#8221;https:\/\/g.page\/PiekarniaRzemislniczaSosnowiec1?share&#8221; link_option_url_new_window=&#8221;on&#8221;]<\/p>\n<p style=\"text-align: center;\">ul. Warszawska 14 (czynne: 24h\/7)<\/p>\n<p>[\/et_pb_blurb][et_pb_text _builder_version=&#8221;4.9.7&#8243; _module_preset=&#8221;default&#8221; cvdb_content_visibility_check=&#8221;is_user_logged_in()&#8221;]<\/p>\n<p style=\"text-align: center;\">PIEKARNIA RZEMIE\u015aLNICZA SP\u00d3\u0141KA Z OGRANICZON\u0104 ODPOWIEDZIALNO\u015aCI\u0104<\/p>\n<p style=\"text-align: center;\">NIP: 6443549426<\/p>\n<p style=\"text-align: center;\"><span class=\"GRkHZd w8qArf\"><span>\u00a0tel: 790 355 359<\/span><\/span><\/p>\n<p>[\/et_pb_text][\/et_pb_column][et_pb_column type=&#8221;1_3&#8243; _builder_version=&#8221;4.6.3&#8243; _module_preset=&#8221;default&#8221;][et_pb_blurb title=&#8221;Sosnowiec&#8221; url_new_window=&#8221;on&#8221; image=&#8221;https:\/\/dobrze-nadziane.starlingtech.pl\/wp-content\/uploads\/2021\/05\/naftowa-SOSNOWIEC-PIEKARNIA.png&#8221; _builder_version=&#8221;4.9.7&#8243; _module_preset=&#8221;default&#8221; header_font=&#8221;Alata||||||||&#8221; header_text_align=&#8221;center&#8221; header_font_size=&#8221;20px&#8221; link_option_url=&#8221;https:\/\/goo.gl\/maps\/YsS2gN185Wio5umD9&#8243; link_option_url_new_window=&#8221;on&#8221;]<\/p>\n<p style=\"text-align: center;\">ul. Naftowa 4 (czynne: 24h\/7)<\/p>\n<p>[\/et_pb_blurb][et_pb_text _builder_version=&#8221;4.9.7&#8243; _module_preset=&#8221;default&#8221; cvdb_content_visibility_check=&#8221;is_user_logged_in()&#8221;]<\/p>\n<p style=\"text-align: center;\">FPUH Patrycja Batog ul Gen Jerzego Zi\u0119tka 74g<\/p>\n<p style=\"text-align: center;\">NIP: 2220791074<\/p>\n<p style=\"text-align: center;\">tel: <span class=\"GRkHZd w8qArf\"><span>\u00a0<\/span><\/span><span><span class=\"LrzXr zdqRlf kno-fv\">500 235 142<\/span><\/span><\/p>\n<p>[\/et_pb_text][\/et_pb_column][\/et_pb_row][\/et_pb_section][et_pb_section fb_built=&#8221;1&#8243; _builder_version=&#8221;4.6.3&#8243; _module_preset=&#8221;default&#8221; custom_padding=&#8221;||4px|||&#8221;][et_pb_row column_structure=&#8221;1_3,1_3,1_3&#8243; _builder_version=&#8221;4.6.3&#8243; _module_preset=&#8221;default&#8221; custom_margin=&#8221;|auto|47px|auto||&#8221;][et_pb_column type=&#8221;1_3&#8243; _builder_version=&#8221;4.6.3&#8243; _module_preset=&#8221;default&#8221;][et_pb_blurb title=&#8221;Tychy&#8221; url_new_window=&#8221;on&#8221; image=&#8221;https:\/\/dobrze-nadziane.starlingtech.pl\/wp-content\/uploads\/2021\/05\/Zrzut-ekranu-2021-05-27-172219.png&#8221; _builder_version=&#8221;4.9.7&#8243; _module_preset=&#8221;default&#8221; header_font=&#8221;Alata||||||||&#8221; header_text_align=&#8221;center&#8221; link_option_url=&#8221;https:\/\/g.page\/DobrzeNadzianeTychy?share&#8221; link_option_url_new_window=&#8221;on&#8221;]<\/p>\n<p style=\"text-align: center;\">ul. Grota Roweckiego 46 (czynne: 24h\/7)<\/p>\n<p>[\/et_pb_blurb][et_pb_text _builder_version=&#8221;4.9.7&#8243; _module_preset=&#8221;default&#8221; cvdb_content_visibility_check=&#8221;is_user_logged_in()&#8221;]<\/p>\n<p style=\"text-align: center;\">P\u0104CZKARNIA &#8222;DOBRZE NADZIANE&#8221; SP\u00d3\u0141KA Z OGRANICZON\u0104 ODPOWIEDZIALNO\u015aCI\u0104<\/p>\n<p style=\"text-align: center;\">NIP: 6462976796<\/p>\n<p style=\"text-align: center;\">POLSKA PIEKARNIA TRADYCYJNA SP\u00d3\u0141KA Z OGRANICZON\u0104 ODPOWIEDZIALNO\u015aCI\u0104<\/p>\n<p style=\"text-align: center;\">NIP: 6462977413<\/p>\n<p style=\"text-align: center;\">tel: <span>570 870 082<\/span><\/p>\n<p>[\/et_pb_text][\/et_pb_column][et_pb_column type=&#8221;1_3&#8243; _builder_version=&#8221;4.6.3&#8243; _module_preset=&#8221;default&#8221;][et_pb_blurb title=&#8221;Mys\u0142owice&#8221; url_new_window=&#8221;on&#8221; image=&#8221;https:\/\/dobrze-nadziane.starlingtech.pl\/wp-content\/uploads\/2021\/05\/zietka.jpg&#8221; _builder_version=&#8221;4.9.7&#8243; _module_preset=&#8221;default&#8221; header_font=&#8221;Alata||||||||&#8221; header_text_align=&#8221;center&#8221; header_font_size=&#8221;19px&#8221; link_option_url=&#8221;https:\/\/goo.gl\/maps\/KALakszJgJNTVsmf9&#8243; link_option_url_new_window=&#8221;on&#8221;]<\/p>\n<p style=\"text-align: center;\">ul. gen. Zi\u0119tka 73 &#8211; WKR\u00d3TCE OTWARCIE!<\/p>\n<p>[\/et_pb_blurb][et_pb_text _builder_version=&#8221;4.9.7&#8243; _module_preset=&#8221;default&#8221; cvdb_content_visibility_check=&#8221;is_user_logged_in()&#8221;]<\/p>\n<p style=\"text-align: center;\">POLSKA PIEKARNIA TRADYCYJNA SP\u00d3\u0141KA Z OGRANICZON\u0104 ODPOWIEDZIALNO\u015aCI\u0104<\/p>\n<p style=\"text-align: center;\">NIP: 6462977413<\/p>\n<p>[\/et_pb_text][\/et_pb_column][et_pb_column type=&#8221;1_3&#8243; _builder_version=&#8221;4.6.3&#8243; _module_preset=&#8221;default&#8221;][et_pb_blurb title=&#8221;Mys\u0142owice&#8221; image=&#8221;https:\/\/dobrze-nadziane.starlingtech.pl\/wp-content\/uploads\/2021\/05\/MYSLOWICE-BRZEZINKA-PIEKARNIA-I-PACZKARNIA.jpg&#8221; _builder_version=&#8221;4.9.7&#8243; _module_preset=&#8221;default&#8221; header_font=&#8221;Alata||||||||&#8221; header_text_align=&#8221;center&#8221; header_font_size=&#8221;20px&#8221; link_option_url=&#8221;https:\/\/goo.gl\/maps\/7mosho55VFasvAsd8&#8243;]<\/p>\n<p style=\"text-align: center;\">ul. Brzezi\u0144ska 25 (czynne: 24h\/7)<\/p>\n<p>[\/et_pb_blurb][et_pb_text _builder_version=&#8221;4.9.7&#8243; _module_preset=&#8221;default&#8221; cvdb_content_visibility_check=&#8221;is_user_logged_in()&#8221;]<\/p>\n<p style=\"text-align: center;\">POLSKA PIEKARNIA TRADYCYJNA SP\u00d3\u0141KA Z OGRANICZON\u0104 ODPOWIEDZIALNO\u015aCI\u0104<\/p>\n<p style=\"text-align: center;\">NIP: 6462977413<\/p>\n<p style=\"text-align: center;\">tel: <span>790 356 359<\/span><\/p>\n<p>[\/et_pb_text][\/et_pb_column][\/et_pb_row][\/et_pb_section][et_pb_section fb_built=&#8221;1&#8243; _builder_version=&#8221;4.6.3&#8243; _module_preset=&#8221;default&#8221; custom_padding=&#8221;0px||89px|||&#8221;][et_pb_row column_structure=&#8221;1_2,1_2&#8243; use_custom_gutter=&#8221;on&#8221; make_equal=&#8221;on&#8221; _builder_version=&#8221;4.6.3&#8243; _module_preset=&#8221;default&#8221; width=&#8221;50%&#8221; width_tablet=&#8221;&#8221; width_phone=&#8221;80%&#8221; width_last_edited=&#8221;on|phone&#8221; custom_padding=&#8221;||1px|||&#8221;][et_pb_column type=&#8221;1_2&#8243; _builder_version=&#8221;4.6.3&#8243; _module_preset=&#8221;default&#8221;][et_pb_blurb title=&#8221;Sosnowiec&#8221; image=&#8221;https:\/\/dobrze-nadziane.starlingtech.pl\/wp-content\/uploads\/2021\/05\/T-LWOWSKICH-SOSNOWIEC.png&#8221; image_max_width_tablet=&#8221;&#8221; image_max_width_phone=&#8221;&#8221; image_max_width_last_edited=&#8221;on|phone&#8221; _builder_version=&#8221;4.9.7&#8243; _module_preset=&#8221;default&#8221; header_font=&#8221;Alata||||||||&#8221; text_orientation=&#8221;center&#8221; link_option_url=&#8221;https:\/\/g.page\/PiekarniaRzemieslniczaSosnowiec2?share&#8221; link_option_url_new_window=&#8221;on&#8221;]<\/p>\n<p style=\"text-align: center;\">ul. Orl\u0105t Lwowskich 23 (czynne: 24h\/7)<\/p>\n<p>[\/et_pb_blurb][et_pb_text _builder_version=&#8221;4.9.7&#8243; _module_preset=&#8221;default&#8221; cvdb_content_visibility_check=&#8221;is_user_logged_in()&#8221;]<\/p>\n<p style=\"text-align: center;\">Piekarnie 24H SP\u00d3\u0141KA Z OGRANICZON\u0104 ODPOWIEDZIALNO\u015aCI\u0104<\/p>\n<p style=\"text-align: center;\">NIP: 6443556679<\/p>\n<p>[\/et_pb_text][\/et_pb_column][et_pb_column type=&#8221;1_2&#8243; _builder_version=&#8221;4.6.3&#8243; _module_preset=&#8221;default&#8221;][et_pb_blurb title=&#8221;\u0141aziska G\u00f3rne&#8221; image=&#8221;https:\/\/dobrze-nadziane.starlingtech.pl\/wp-content\/uploads\/2021\/06\/signal-2021-05-31-203710-2.jpeg&#8221; image_max_width=&#8221;103%&#8221; _builder_version=&#8221;4.9.7&#8243; _module_preset=&#8221;default&#8221; header_font=&#8221;Alata||||||||&#8221; header_text_align=&#8221;center&#8221; header_font_size=&#8221;20px&#8221; link_option_url=&#8221;https:\/\/g.page\/PiekarniaRzemieslniczaLaziskaG?share&#8221; link_option_url_new_window=&#8221;on&#8221;]<\/p>\n<p style=\"text-align: center;\">ul. Dworcowa 24 (czynne: 24h\/7)<\/p>\n<p>[\/et_pb_blurb][et_pb_text _builder_version=&#8221;4.9.7&#8243; _module_preset=&#8221;default&#8221; cvdb_content_visibility_check=&#8221;is_user_logged_in()&#8221;]<\/p>\n<p style=\"text-align: center;\">FPUH Patrycja Batog ul Gen Jerzego Zi\u0119tka 74g<\/p>\n<p style=\"text-align: center;\">NIP: 2220791074<\/p>\n<p style=\"text-align: center;\">tel: <span>500 235 142<\/span><\/p>\n<p>[\/et_pb_text][\/et_pb_column][\/et_pb_row][\/et_pb_section][et_pb_section fb_built=&#8221;1&#8243; fullwidth=&#8221;on&#8221; _builder_version=&#8221;4.9.7&#8243; _module_preset=&#8221;default&#8221; height=&#8221;100px&#8221; sticky_position=&#8221;bottom&#8221;][et_pb_fullwidth_image src=&#8221;https:\/\/dobrze-nadziane.starlingtech.pl\/wp-content\/uploads\/2021\/06\/plansza-informacyjna-PFR-poziom.png&#8221; title_text=&#8221;plansza informacyjna PFR poziom&#8221; _builder_version=&#8221;4.6.3&#8243; _module_preset=&#8221;default&#8221; width=&#8221;65%&#8221; width_tablet=&#8221;&#8221; width_phone=&#8221;85%&#8221; width_last_edited=&#8221;on|phone&#8221; module_alignment=&#8221;center&#8221; custom_margin=&#8221;2px|||||&#8221; custom_padding=&#8221;15px|||||&#8221;][\/et_pb_fullwidth_image][\/et_pb_section]<\/p>\n","protected":false},"excerpt":{"rendered":"<p>[et_pb_section fb_built=&#8221;1&#8243; _builder_version=&#8221;4.6.3&#8243; _module_preset=&#8221;default&#8221; custom_padding=&#8221;||1px|||&#8221;][et_pb_row _builder_version=&#8221;4.6.3&#8243; _module_preset=&#8221;default&#8221;][et_pb_column type=&#8221;4_4&#8243; _builder_version=&#8221;4.6.3&#8243; _module_preset=&#8221;default&#8221;][et_pb_text _builder_version=&#8221;4.6.3&#8243; _module_preset=&#8221;default&#8221; text_font=&#8221;Alata||||||||&#8221; text_text_color=&#8221;#000000&#8243; text_font_size=&#8221;17px&#8221; text_orientation=&#8221;center&#8221;] P\u0105czkarnie &#8222;Dobrze nadziane&#8221; &#8211;\u00a0 to miejsce gdzie znajdziesz \u015bwie\u017ce p\u0105czki w r\u00f3\u017cnych smakach oraz napijesz si\u0119 kawy. [\/et_pb_text][\/et_pb_column][\/et_pb_row][et_pb_row _builder_version=&#8221;4.6.3&#8243; _module_preset=&#8221;default&#8221; custom_margin=&#8221;70px|auto||auto||&#8221;][et_pb_column type=&#8221;4_4&#8243; _builder_version=&#8221;4.6.3&#8243; _module_preset=&#8221;default&#8221;][et_pb_text _builder_version=&#8221;4.6.3&#8243; _module_preset=&#8221;default&#8221; text_font=&#8221;Alata||||||||&#8221; text_text_color=&#8221;#000000&#8243; text_font_size=&#8221;30px&#8221; text_orientation=&#8221;center&#8221;] Nasze lokalizacje: [\/et_pb_text][\/et_pb_column][\/et_pb_row][et_pb_row column_structure=&#8221;1_3,1_3,1_3&#8243; _builder_version=&#8221;4.6.3&#8243; _module_preset=&#8221;default&#8221;][et_pb_column type=&#8221;1_3&#8243; _builder_version=&#8221;4.6.3&#8243; _module_preset=&#8221;default&#8221;][et_pb_blurb [&hellip;]<\/p>\n","protected":false},"author":2,"featured_media":0,"parent":0,"menu_order":0,"comment_status":"closed","ping_status":"closed","template":"page-template-blank.php","meta":{"_et_pb_use_builder":"on","_et_pb_old_content":"","_et_gb_content_width":"","footnotes":""},"class_list":["post-13","page","type-page","status-publish","hentry"],"_links":{"self":[{"href":"https:\/\/dobrze-nadziane.starlingtech.pl\/index.php\/wp-json\/wp\/v2\/pages\/13","targetHints":{"allow":["GET"]}}],"collection":[{"href":"https:\/\/dobrze-nadziane.starlingtech.pl\/index.php\/wp-json\/wp\/v2\/pages"}],"about":[{"href":"https:\/\/dobrze-nadziane.starlingtech.pl\/index.php\/wp-json\/wp\/v2\/types\/page"}],"author":[{"embeddable":true,"href":"https:\/\/dobrze-nadziane.starlingtech.pl\/index.php\/wp-json\/wp\/v2\/users\/2"}],"replies":[{"embeddable":true,"href":"https:\/\/dobrze-nadziane.starlingtech.pl\/index.php\/wp-json\/wp\/v2\/comments?post=13"}],"version-history":[{"count":52,"href":"https:\/\/dobrze-nadziane.starlingtech.pl\/index.php\/wp-json\/wp\/v2\/pages\/13\/revisions"}],"predecessor-version":[{"id":145,"href":"https:\/\/dobrze-nadziane.starlingtech.pl\/index.php\/wp-json\/wp\/v2\/pages\/13\/revisions\/145"}],"wp:attachment":[{"href":"https:\/\/dobrze-nadziane.starlingtech.pl\/index.php\/wp-json\/wp\/v2\/media?parent=13"}],"curies":[{"name":"wp","href":"https:\/\/api.w.org\/{rel}","templated":true}]}}